{"id":18138,"date":"2025-10-29T13:36:12","date_gmt":"2025-10-29T13:36:12","guid":{"rendered":"https:\/\/federation-steame-academies.eu\/?page_id=18138"},"modified":"2025-10-30T07:32:26","modified_gmt":"2025-10-30T07:32:26","slug":"univeristy-of-the-national-education-commission-regional-steame-academy-application","status":"publish","type":"page","link":"https:\/\/federation-steame-academies.eu\/pl\/regional-national-level-steame-academies\/poland-academies\/univeristy-of-the-national-education-commission-regional-steame-academy-application\/","title":{"rendered":"Univeristy\u00a0of\u00a0the\u00a0National\u00a0Education\u00a0Commission Regional STEAME Academy Application"},"content":{"rendered":"<div data-elementor-type=\"wp-page\" data-elementor-id=\"18138\" class=\"elementor elementor-18138\" data-elementor-post-type=\"page\">\n\t\t\t\t<div class=\"elementor-element elementor-element-15887c22 e-con-full e-flex e-con e-parent\" data-id=\"15887c22\" data-element_type=\"container\" data-e-type=\"container\" data-settings=\"{&quot;background_background&quot;:&quot;classic&quot;}\">\n\t\t<div class=\"elementor-element elementor-element-310a62e4 e-con-full e-flex e-con e-child\" data-id=\"310a62e4\" data-element_type=\"container\" data-e-type=\"container\" data-settings=\"{&quot;background_background&quot;:&quot;classic&quot;}\">\n\t\t\t\t<div class=\"elementor-element elementor-element-550fb352 elementor-widget__width-inherit elementor-widget-tablet__width-inherit elementor-widget elementor-widget-heading\" data-id=\"550fb352\" data-element_type=\"widget\" data-e-type=\"widget\" data-widget_type=\"heading.default\">\n\t\t\t\t<div class=\"elementor-widget-container\">\n\t\t\t\t\t<h2 class=\"elementor-heading-title elementor-size-default\">Univeristy of the National Education Commission <br>Regional STEAME Academy <\/h2>\t\t\t\t<\/div>\n\t\t\t\t<\/div>\n\t\t\t\t<\/div>\n\t\t\t\t<\/div>\n\t\t<div class=\"elementor-element elementor-element-129346d e-flex e-con-boxed e-con e-parent\" data-id=\"129346d\" data-element_type=\"container\" data-e-type=\"container\">\n\t\t\t\t\t<div class=\"e-con-inner\">\n\t\t<div class=\"elementor-element elementor-element-744cd67 e-con-full e-flex e-con e-child\" data-id=\"744cd67\" data-element_type=\"container\" data-e-type=\"container\" data-settings=\"{&quot;background_background&quot;:&quot;classic&quot;}\">\n\t\t\t\t<div class=\"elementor-element elementor-element-fd40eb6 elementor-widget elementor-widget-heading\" data-id=\"fd40eb6\" data-element_type=\"widget\" data-e-type=\"widget\" data-widget_type=\"heading.default\">\n\t\t\t\t<div class=\"elementor-widget-container\">\n\t\t\t\t\t<h2 class=\"elementor-heading-title elementor-size-default\"><span data-olk-copy-source=\"MessageBody\">University of the National Education Commission (UKEN)<\/span><\/h2>\t\t\t\t<\/div>\n\t\t\t\t<\/div>\n\t\t\t\t<div class=\"elementor-element elementor-element-3bd8ff4 elementor-align-start elementor-icon-list--layout-traditional elementor-list-item-link-full_width elementor-widget elementor-widget-icon-list\" data-id=\"3bd8ff4\" data-element_type=\"widget\" data-e-type=\"widget\" data-widget_type=\"icon-list.default\">\n\t\t\t\t<div class=\"elementor-widget-container\">\n\t\t\t\t\t\t\t<ul class=\"elementor-icon-list-items\">\n\t\t\t\t\t\t\t<li class=\"elementor-icon-list-item\">\n\t\t\t\t\t\t\t\t\t\t\t<span class=\"elementor-icon-list-icon\">\n\t\t\t\t\t\t\t<svg aria-hidden=\"true\" class=\"e-font-icon-svg e-far-check-circle\" viewbox=\"0 0 512 512\" xmlns=\"http:\/\/www.w3.org\/2000\/svg\"><path d=\"M256 8C119.033 8 8 119.033 8 256s111.033 248 248 248 248-111.033 248-248S392.967 8 256 8zm0 48c110.532 0 200 89.451 200 200 0 110.532-89.451 200-200 200-110.532 0-200-89.451-200-200 0-110.532 89.451-200 200-200m140.204 130.267l-22.536-22.718c-4.667-4.705-12.265-4.736-16.97-.068L215.346 303.697l-59.792-60.277c-4.667-4.705-12.265-4.736-16.97-.069l-22.719 22.536c-4.705 4.667-4.736 12.265-.068 16.971l90.781 91.516c4.667 4.705 12.265 4.736 16.97.068l172.589-171.204c4.704-4.668 4.734-12.266.067-16.971z\"><\/path><\/svg>\t\t\t\t\t\t<\/span>\n\t\t\t\t\t\t\t\t\t\t<span class=\"elementor-icon-list-text\">Type of organization: Public<\/span>\n\t\t\t\t\t\t\t\t\t<\/li>\n\t\t\t\t\t\t\t\t<li class=\"elementor-icon-list-item\">\n\t\t\t\t\t\t\t\t\t\t\t<span class=\"elementor-icon-list-icon\">\n\t\t\t\t\t\t\t<svg aria-hidden=\"true\" class=\"e-font-icon-svg e-far-check-circle\" viewbox=\"0 0 512 512\" xmlns=\"http:\/\/www.w3.org\/2000\/svg\"><path d=\"M256 8C119.033 8 8 119.033 8 256s111.033 248 248 248 248-111.033 248-248S392.967 8 256 8zm0 48c110.532 0 200 89.451 200 200 0 110.532-89.451 200-200 200-110.532 0-200-89.451-200-200 0-110.532 89.451-200 200-200m140.204 130.267l-22.536-22.718c-4.667-4.705-12.265-4.736-16.97-.068L215.346 303.697l-59.792-60.277c-4.667-4.705-12.265-4.736-16.97-.069l-22.719 22.536c-4.705 4.667-4.736 12.265-.068 16.971l90.781 91.516c4.667 4.705 12.265 4.736 16.97.068l172.589-171.204c4.704-4.668 4.734-12.266.067-16.971z\"><\/path><\/svg>\t\t\t\t\t\t<\/span>\n\t\t\t\t\t\t\t\t\t\t<span class=\"elementor-icon-list-text\">Legal form of the organization: Higher Education Public<\/span>\n\t\t\t\t\t\t\t\t\t<\/li>\n\t\t\t\t\t\t\t\t<li class=\"elementor-icon-list-item\">\n\t\t\t\t\t\t\t\t\t\t\t<a href=\"https:\/\/www.uken.krakow.pl\/en\/\">\n\n\t\t\t\t\t\t\t\t\t\t\t\t<span class=\"elementor-icon-list-icon\">\n\t\t\t\t\t\t\t<svg aria-hidden=\"true\" class=\"e-font-icon-svg e-far-check-circle\" viewbox=\"0 0 512 512\" xmlns=\"http:\/\/www.w3.org\/2000\/svg\"><path d=\"M256 8C119.033 8 8 119.033 8 256s111.033 248 248 248 248-111.033 248-248S392.967 8 256 8zm0 48c110.532 0 200 89.451 200 200 0 110.532-89.451 200-200 200-110.532 0-200-89.451-200-200 0-110.532 89.451-200 200-200m140.204 130.267l-22.536-22.718c-4.667-4.705-12.265-4.736-16.97-.068L215.346 303.697l-59.792-60.277c-4.667-4.705-12.265-4.736-16.97-.069l-22.719 22.536c-4.705 4.667-4.736 12.265-.068 16.971l90.781 91.516c4.667 4.705 12.265 4.736 16.97.068l172.589-171.204c4.704-4.668 4.734-12.266.067-16.971z\"><\/path><\/svg>\t\t\t\t\t\t<\/span>\n\t\t\t\t\t\t\t\t\t\t<span class=\"elementor-icon-list-text\">Website of the organization: https:\/\/www.uken.krakow.pl\/en\/<\/span>\n\t\t\t\t\t\t\t\t\t\t\t<\/a>\n\t\t\t\t\t\t\t\t\t<\/li>\n\t\t\t\t\t\t\t\t<li class=\"elementor-icon-list-item\">\n\t\t\t\t\t\t\t\t\t\t\t<span class=\"elementor-icon-list-icon\">\n\t\t\t\t\t\t\t<svg aria-hidden=\"true\" class=\"e-font-icon-svg e-far-check-circle\" viewbox=\"0 0 512 512\" xmlns=\"http:\/\/www.w3.org\/2000\/svg\"><path d=\"M256 8C119.033 8 8 119.033 8 256s111.033 248 248 248 248-111.033 248-248S392.967 8 256 8zm0 48c110.532 0 200 89.451 200 200 0 110.532-89.451 200-200 200-110.532 0-200-89.451-200-200 0-110.532 89.451-200 200-200m140.204 130.267l-22.536-22.718c-4.667-4.705-12.265-4.736-16.97-.068L215.346 303.697l-59.792-60.277c-4.667-4.705-12.265-4.736-16.97-.069l-22.719 22.536c-4.705 4.667-4.736 12.265-.068 16.971l90.781 91.516c4.667 4.705 12.265 4.736 16.97.068l172.589-171.204c4.704-4.668 4.734-12.266.067-16.971z\"><\/path><\/svg>\t\t\t\t\t\t<\/span>\n\t\t\t\t\t\t\t\t\t\t<span class=\"elementor-icon-list-text\">Main sector of activities: Higher Education<\/span>\n\t\t\t\t\t\t\t\t\t<\/li>\n\t\t\t\t\t\t\t\t<li class=\"elementor-icon-list-item\">\n\t\t\t\t\t\t\t\t\t\t\t<span class=\"elementor-icon-list-icon\">\n\t\t\t\t\t\t\t<i aria-hidden=\"true\" class=\"lng_centerpinned\"><\/i>\t\t\t\t\t\t<\/span>\n\t\t\t\t\t\t\t\t\t\t<span class=\"elementor-icon-list-text\">Place of interest for opening a regional ACADEMY: Krak\u00f3w, Poland<\/span>\n\t\t\t\t\t\t\t\t\t<\/li>\n\t\t\t\t\t\t\t\t<li class=\"elementor-icon-list-item\">\n\t\t\t\t\t\t\t\t\t\t\t<span class=\"elementor-icon-list-icon\">\n\t\t\t\t\t\t\t<svg aria-hidden=\"true\" class=\"e-font-icon-svg e-fas-male\" viewbox=\"0 0 192 512\" xmlns=\"http:\/\/www.w3.org\/2000\/svg\"><path d=\"M96 0c35.346 0 64 28.654 64 64s-28.654 64-64 64-64-28.654-64-64S60.654 0 96 0m48 144h-11.36c-22.711 10.443-49.59 10.894-73.28 0H48c-26.51 0-48 21.49-48 48v136c0 13.255 10.745 24 24 24h16v136c0 13.255 10.745 24 24 24h64c13.255 0 24-10.745 24-24V352h16c13.255 0 24-10.745 24-24V192c0-26.51-21.49-48-48-48z\"><\/path><\/svg>\t\t\t\t\t\t<\/span>\n\t\t\t\t\t\t\t\t\t\t<span class=\"elementor-icon-list-text\">Contact Person: Gregoris Makrides<\/span>\n\t\t\t\t\t\t\t\t\t<\/li>\n\t\t\t\t\t\t\t\t<li class=\"elementor-icon-list-item\">\n\t\t\t\t\t\t\t\t\t\t\t<span class=\"elementor-icon-list-icon\">\n\t\t\t\t\t\t\t<i aria-hidden=\"true\" class=\"fa-icon-stm_icon_phone-o\"><\/i>\t\t\t\t\t\t<\/span>\n\t\t\t\t\t\t\t\t\t\t<span class=\"elementor-icon-list-text\">Contact Telephone: +357 99641843<\/span>\n\t\t\t\t\t\t\t\t\t<\/li>\n\t\t\t\t\t\t\t\t<li class=\"elementor-icon-list-item\">\n\t\t\t\t\t\t\t\t\t\t\t<a href=\"mailto:%20makrides.g@eaecnet.com\">\n\n\t\t\t\t\t\t\t\t\t\t\t\t<span class=\"elementor-icon-list-icon\">\n\t\t\t\t\t\t\t<svg aria-hidden=\"true\" class=\"e-font-icon-svg e-fas-envelope-open-text\" viewbox=\"0 0 512 512\" xmlns=\"http:\/\/www.w3.org\/2000\/svg\"><path d=\"M176 216h160c8.84 0 16-7.16 16-16v-16c0-8.84-7.16-16-16-16H176c-8.84 0-16 7.16-16 16v16c0 8.84 7.16 16 16 16zm-16 80c0 8.84 7.16 16 16 16h160c8.84 0 16-7.16 16-16v-16c0-8.84-7.16-16-16-16H176c-8.84 0-16 7.16-16 16v16zm96 121.13c-16.42 0-32.84-5.06-46.86-15.19L0 250.86V464c0 26.51 21.49 48 48 48h416c26.51 0 48-21.49 48-48V250.86L302.86 401.94c-14.02 10.12-30.44 15.19-46.86 15.19zm237.61-254.18c-8.85-6.94-17.24-13.47-29.61-22.81V96c0-26.51-21.49-48-48-48h-77.55c-3.04-2.2-5.87-4.26-9.04-6.56C312.6 29.17 279.2-.35 256 0c-23.2-.35-56.59 29.17-73.41 41.44-3.17 2.3-6 4.36-9.04 6.56H96c-26.51 0-48 21.49-48 48v44.14c-12.37 9.33-20.76 15.87-29.61 22.81A47.995 47.995 0 0 0 0 200.72v10.65l96 69.35V96h320v184.72l96-69.35v-10.65c0-14.74-6.78-28.67-18.39-37.77z\"><\/path><\/svg>\t\t\t\t\t\t<\/span>\n\t\t\t\t\t\t\t\t\t\t<span class=\"elementor-icon-list-text\">Contact Email: makrides.g@eaecnet.com<\/span>\n\t\t\t\t\t\t\t\t\t\t\t<\/a>\n\t\t\t\t\t\t\t\t\t<\/li>\n\t\t\t\t\t\t\t\t<li class=\"elementor-icon-list-item\">\n\t\t\t\t\t\t\t\t\t\t\t<span class=\"elementor-icon-list-icon\">\n\t\t\t\t\t\t\t<svg aria-hidden=\"true\" class=\"e-font-icon-svg e-fas-map-pin\" viewbox=\"0 0 288 512\" xmlns=\"http:\/\/www.w3.org\/2000\/svg\"><path d=\"M112 316.94v156.69l22.02 33.02c4.75 7.12 15.22 7.12 19.97 0L176 473.63V316.94c-10.39 1.92-21.06 3.06-32 3.06s-21.61-1.14-32-3.06zM144 0C64.47 0 0 64.47 0 144s64.47 144 144 144 144-64.47 144-144S223.53 0 144 0zm0 76c-37.5 0-68 30.5-68 68 0 6.62-5.38 12-12 12s-12-5.38-12-12c0-50.73 41.28-92 92-92 6.62 0 12 5.38 12 12s-5.38 12-12 12z\"><\/path><\/svg>\t\t\t\t\t\t<\/span>\n\t\t\t\t\t\t\t\t\t\t<span class=\"elementor-icon-list-text\">Address: Podchor\u0105\u017cych 2, 30-084 Krak\u00f3w, Poland<\/span>\n\t\t\t\t\t\t\t\t\t<\/li>\n\t\t\t\t\t\t<\/ul>\n\t\t\t\t\t\t<\/div>\n\t\t\t\t<\/div>\n\t\t\t\t<\/div>\n\t\t<div class=\"elementor-element elementor-element-3bda40b e-con-full e-flex e-con e-child\" data-id=\"3bda40b\" data-element_type=\"container\" data-e-type=\"container\">\n\t\t\t\t<div class=\"elementor-element elementor-element-27b55b7 elementor-widget__width-initial elementor-widget elementor-widget-text-editor\" data-id=\"27b55b7\" data-element_type=\"widget\" data-e-type=\"widget\" data-widget_type=\"text-editor.default\">\n\t\t\t\t<div class=\"elementor-widget-container\">\n\t\t\t\t\t\t\t\t\t<p>\u00a0<\/p>\n<p>University of the National Education Commission, founded in 1946 is nowadays one of the largest and one of the oldest pedagogical universities in Poland. It has long been prized for a well-deserved reputation. The achievements of numerous generations of the teaching staff and students (over 150 thousand graduates), as well as the efforts of the employees, who want to continue modern education responding to the challenges of the twenty-first century, as well as cooperation with the renowned academic institutions in Europe, have formed the present University. Since its foundation, the university has been constantly expanding its educational offer, making it more attractive to meet the interests and needs of young people and of the current needs of society. The ultimate goal is to prepare our students and graduates for their future careers and achievements according to their skills and expectations. It functions according to the model of integrated education combining theoretical knowledge with practical skills. The mission of the University is reinforced in scientific research and development according to the highest European standards in several dozen fields of studies.<\/p>\n\t\t\t\t\t\t\t\t<\/div>\n\t\t\t\t<\/div>\n\t\t\t\t<\/div>\n\t\t\t\t\t<\/div>\n\t\t\t\t<\/div>\n\t\t<div class=\"elementor-element elementor-element-23e0c01 e-con-full e-flex e-con e-parent\" data-id=\"23e0c01\" data-element_type=\"container\" data-e-type=\"container\" data-settings=\"{&quot;background_background&quot;:&quot;classic&quot;}\">\n\t\t\t\t<div class=\"elementor-element elementor-element-279fa22 elementor-widget__width-initial elementor-widget elementor-widget-text-editor\" data-id=\"279fa22\" data-element_type=\"widget\" data-e-type=\"widget\" data-widget_type=\"text-editor.default\">\n\t\t\t\t<div class=\"elementor-widget-container\">\n\t\t\t\t\t\t\t\t\t<p>The variety of educational programs on offer at our University \u2013 constantly being adapted to the needs of the labour market \u2013 is truly impressive. It includes dozens of fields of studies at the first and second degree levels, Ph.D. degree studies, and postgraduate studies in five faculties: Faculty of Humanities, Faculty of Social Sciences, Faculty of Exact and Natural Sciences, Faculty of Education and Psychology and Faculty of Art.<\/p>\n<p>University of the National Education Commission is a regional leader in implementing educational and social projects co-financed by the European Union. Recently, the University has been involved in more than 40 projects. They have been directed to many stakeholders including mainly students of the University, pupils (primary and secondary level of education) and teachers from regional schools, as well as University workers. The University is also actively involved in various activities for the development of the region and education of young people<\/p>\n\t\t\t\t\t\t\t\t<\/div>\n\t\t\t\t<\/div>\n\t\t\t\t<\/div>\n\t\t<div class=\"elementor-element elementor-element-749824b5 e-flex e-con-boxed e-con e-parent\" data-id=\"749824b5\" data-element_type=\"container\" data-e-type=\"container\" data-settings=\"{&quot;background_background&quot;:&quot;classic&quot;}\">\n\t\t\t\t\t<div class=\"e-con-inner\">\n\t\t\t\t<div class=\"elementor-element elementor-element-783a2c6 elementor-widget elementor-widget-text-editor\" data-id=\"783a2c6\" data-element_type=\"widget\" data-e-type=\"widget\" data-widget_type=\"text-editor.default\">\n\t\t\t\t<div class=\"elementor-widget-container\">\n\t\t\t\t\t\t\t\t\t<p><img decoding=\"async\" class=\"size-medium wp-image-5459 alignleft\" src=\"http:\/\/federation-steame-academies.eu\/wp-content\/uploads\/2024\/07\/EN-Co-Funded-by-the-EU_PANTONE-300x63.png\" alt=\"\" width=\"300\" height=\"63\" srcset=\"https:\/\/federation-steame-academies.eu\/wp-content\/uploads\/2024\/07\/EN-Co-Funded-by-the-EU_PANTONE-300x63.png 300w, https:\/\/federation-steame-academies.eu\/wp-content\/uploads\/2024\/07\/EN-Co-Funded-by-the-EU_PANTONE-1024x215.png 1024w, https:\/\/federation-steame-academies.eu\/wp-content\/uploads\/2024\/07\/EN-Co-Funded-by-the-EU_PANTONE-768x161.png 768w, https:\/\/federation-steame-academies.eu\/wp-content\/uploads\/2024\/07\/EN-Co-Funded-by-the-EU_PANTONE-1536x322.png 1536w, https:\/\/federation-steame-academies.eu\/wp-content\/uploads\/2024\/07\/EN-Co-Funded-by-the-EU_PANTONE-2048x430.png 2048w, https:\/\/federation-steame-academies.eu\/wp-content\/uploads\/2024\/07\/EN-Co-Funded-by-the-EU_PANTONE-600x126.png 600w\" sizes=\"(max-width: 300px) 100vw, 300px\" \/><\/p>\n<p>Funded by the European Union. Views and opinions expressed are however those of the author(s) only and do not necessarily reflect those of the European Union or the European Education and Culture Executive Agency (EACEA). Neither the European Union nor EACEA can be held responsible for them.<\/p>\n\t\t\t\t\t\t\t\t<\/div>\n\t\t\t\t<\/div>\n\t\t\t\t\t<\/div>\n\t\t\t\t<\/div>\n\t\t\t\t<\/div>","protected":false},"excerpt":{"rendered":"<p>Univeristy of the National Education Commission Regional STEAME Academy University of the National Education Commission (UKEN) Type of organization: Public Legal form of the organization: Higher Education Public Website of [&hellip;]<\/p>\n","protected":false},"author":2,"featured_media":0,"parent":18116,"menu_order":0,"comment_status":"closed","ping_status":"closed","template":"elementor_header_footer","meta":{"pmpro_default_level":"","footnotes":""},"class_list":["post-18138","page","type-page","status-publish","hentry","pmpro-has-access"],"jetpack_sharing_enabled":true,"_links":{"self":[{"href":"https:\/\/federation-steame-academies.eu\/pl\/wp-json\/wp\/v2\/pages\/18138","targetHints":{"allow":["GET"]}}],"collection":[{"href":"https:\/\/federation-steame-academies.eu\/pl\/wp-json\/wp\/v2\/pages"}],"about":[{"href":"https:\/\/federation-steame-academies.eu\/pl\/wp-json\/wp\/v2\/types\/page"}],"author":[{"embeddable":true,"href":"https:\/\/federation-steame-academies.eu\/pl\/wp-json\/wp\/v2\/users\/2"}],"replies":[{"embeddable":true,"href":"https:\/\/federation-steame-academies.eu\/pl\/wp-json\/wp\/v2\/comments?post=18138"}],"version-history":[{"count":13,"href":"https:\/\/federation-steame-academies.eu\/pl\/wp-json\/wp\/v2\/pages\/18138\/revisions"}],"predecessor-version":[{"id":18312,"href":"https:\/\/federation-steame-academies.eu\/pl\/wp-json\/wp\/v2\/pages\/18138\/revisions\/18312"}],"up":[{"embeddable":true,"href":"https:\/\/federation-steame-academies.eu\/pl\/wp-json\/wp\/v2\/pages\/18116"}],"wp:attachment":[{"href":"https:\/\/federation-steame-academies.eu\/pl\/wp-json\/wp\/v2\/media?parent=18138"}],"curies":[{"name":"wp","href":"https:\/\/api.w.org\/{rel}","templated":true}]}}